{"id":1007,"date":"2023-11-16T10:12:55","date_gmt":"2023-11-16T13:12:55","guid":{"rendered":"https:\/\/orvedbrock.com.br\/es\/quem-somos-copy\/"},"modified":"2025-10-02T14:28:17","modified_gmt":"2025-10-02T17:28:17","slug":"conviertete-en-nuestro-proveedor","status":"publish","type":"page","link":"https:\/\/orvedbrock.com.br\/es\/conviertete-en-nuestro-proveedor\/","title":{"rendered":"Convi\u00e9rtete en Nuestro Proveedor"},"content":{"rendered":"\n<p>Convi\u00e9rtete en Distribuidor de Orved Brock<\/p>\n","protected":false},"excerpt":{"rendered":"<p>Convi\u00e9rtete en Distribuidor de Orved Brock<\/p>\n","protected":false},"author":1,"featured_media":4171,"parent":0,"menu_order":0,"comment_status":"closed","ping_status":"closed","template":"","meta":{"_acf_changed":false,"footnotes":""},"class_list":["post-1007","page","type-page","status-publish","has-post-thumbnail","hentry"],"acf":[],"yoast_head":"<!-- This site is optimized with the Yoast SEO plugin v27.5 - https:\/\/yoast.com\/product\/yoast-seo-wordpress\/ -->\n<title>Convi\u00e9rtete en Nuestro Proveedor - Orved Brock<\/title>\n<meta name=\"description\" content=\"Convi\u00e9rtete en proveedor de nuestros termocirculadores profesionales y desmenuzadores de pollo y carne con tecnolog\u00eda patentada. Ofrece alta calidad a tus clientes.\" \/>\n<meta name=\"robots\" content=\"index, follow, max-snippet:-1, max-image-preview:large, max-video-preview:-1\" \/>\n<link rel=\"canonical\" href=\"https:\/\/orvedbrock.com.br\/es\/conviertete-en-nuestro-proveedor\/\" \/>\n<meta property=\"og:locale\" content=\"pt_BR\" \/>\n<meta property=\"og:type\" content=\"article\" \/>\n<meta property=\"og:title\" content=\"Convi\u00e9rtete en Nuestro Proveedor - Orved Brock\" \/>\n<meta property=\"og:description\" content=\"Convi\u00e9rtete en proveedor de nuestros termocirculadores profesionales y desmenuzadores de pollo y carne con tecnolog\u00eda patentada. Ofrece alta calidad a tus clientes.\" \/>\n<meta property=\"og:url\" content=\"https:\/\/orvedbrock.com.br\/es\/conviertete-en-nuestro-proveedor\/\" \/>\n<meta property=\"og:site_name\" content=\"Orved Brock\" \/>\n<meta property=\"article:modified_time\" content=\"2025-10-02T17:28:17+00:00\" \/>\n<meta property=\"og:image\" content=\"https:\/\/orvedbrock.com.br\/es\/wp-content\/uploads\/2023\/12\/Trabalhe-Conosco.jpeg\" \/>\n\t<meta property=\"og:image:width\" content=\"340\" \/>\n\t<meta property=\"og:image:height\" content=\"270\" \/>\n\t<meta property=\"og:image:type\" content=\"image\/jpeg\" \/>\n<meta name=\"twitter:card\" content=\"summary_large_image\" \/>\n<meta name=\"twitter:label1\" content=\"Est. tempo de leitura\" \/>\n\t<meta name=\"twitter:data1\" content=\"1 minuto\" \/>\n<script type=\"application\/ld+json\" class=\"yoast-schema-graph\">{\"@context\":\"https:\\\/\\\/schema.org\",\"@graph\":[{\"@type\":\"WebPage\",\"@id\":\"https:\\\/\\\/orvedbrock.com.br\\\/es\\\/conviertete-en-nuestro-proveedor\\\/\",\"url\":\"https:\\\/\\\/orvedbrock.com.br\\\/es\\\/conviertete-en-nuestro-proveedor\\\/\",\"name\":\"Convi\u00e9rtete en Nuestro Proveedor - Orved Brock\",\"isPartOf\":{\"@id\":\"https:\\\/\\\/orvedbrock.com.br\\\/es\\\/#website\"},\"primaryImageOfPage\":{\"@id\":\"https:\\\/\\\/orvedbrock.com.br\\\/es\\\/conviertete-en-nuestro-proveedor\\\/#primaryimage\"},\"image\":{\"@id\":\"https:\\\/\\\/orvedbrock.com.br\\\/es\\\/conviertete-en-nuestro-proveedor\\\/#primaryimage\"},\"thumbnailUrl\":\"https:\\\/\\\/orvedbrock.com.br\\\/es\\\/wp-content\\\/uploads\\\/2023\\\/12\\\/Trabalhe-Conosco.jpeg\",\"datePublished\":\"2023-11-16T13:12:55+00:00\",\"dateModified\":\"2025-10-02T17:28:17+00:00\",\"description\":\"Convi\u00e9rtete en proveedor de nuestros termocirculadores profesionales y desmenuzadores de pollo y carne con tecnolog\u00eda patentada. Ofrece alta calidad a tus clientes.\",\"inLanguage\":\"pt-BR\",\"potentialAction\":[{\"@type\":\"ReadAction\",\"target\":[\"https:\\\/\\\/orvedbrock.com.br\\\/es\\\/conviertete-en-nuestro-proveedor\\\/\"]}]},{\"@type\":\"ImageObject\",\"inLanguage\":\"pt-BR\",\"@id\":\"https:\\\/\\\/orvedbrock.com.br\\\/es\\\/conviertete-en-nuestro-proveedor\\\/#primaryimage\",\"url\":\"https:\\\/\\\/orvedbrock.com.br\\\/es\\\/wp-content\\\/uploads\\\/2023\\\/12\\\/Trabalhe-Conosco.jpeg\",\"contentUrl\":\"https:\\\/\\\/orvedbrock.com.br\\\/es\\\/wp-content\\\/uploads\\\/2023\\\/12\\\/Trabalhe-Conosco.jpeg\",\"width\":340,\"height\":270,\"caption\":\"Trabalhe Conosco\"},{\"@type\":\"WebSite\",\"@id\":\"https:\\\/\\\/orvedbrock.com.br\\\/es\\\/#website\",\"url\":\"https:\\\/\\\/orvedbrock.com.br\\\/es\\\/\",\"name\":\"Orved Brock\",\"description\":\"Desmechadoras de Pollo y Carne | Termocirculadores Profesionales Sous Vide\",\"publisher\":{\"@id\":\"https:\\\/\\\/orvedbrock.com.br\\\/es\\\/#organization\"},\"potentialAction\":[{\"@type\":\"SearchAction\",\"target\":{\"@type\":\"EntryPoint\",\"urlTemplate\":\"https:\\\/\\\/orvedbrock.com.br\\\/es\\\/?s={search_term_string}\"},\"query-input\":{\"@type\":\"PropertyValueSpecification\",\"valueRequired\":true,\"valueName\":\"search_term_string\"}}],\"inLanguage\":\"pt-BR\"},{\"@type\":\"Organization\",\"@id\":\"https:\\\/\\\/orvedbrock.com.br\\\/es\\\/#organization\",\"name\":\"Orved Brock\",\"url\":\"https:\\\/\\\/orvedbrock.com.br\\\/es\\\/\",\"logo\":{\"@type\":\"ImageObject\",\"inLanguage\":\"pt-BR\",\"@id\":\"https:\\\/\\\/orvedbrock.com.br\\\/es\\\/#\\\/schema\\\/logo\\\/image\\\/\",\"url\":\"https:\\\/\\\/orvedbrock.com.br\\\/es\\\/wp-content\\\/uploads\\\/2024\\\/05\\\/cropped-Logo-Favicon.png\",\"contentUrl\":\"https:\\\/\\\/orvedbrock.com.br\\\/es\\\/wp-content\\\/uploads\\\/2024\\\/05\\\/cropped-Logo-Favicon.png\",\"width\":512,\"height\":512,\"caption\":\"Orved Brock\"},\"image\":{\"@id\":\"https:\\\/\\\/orvedbrock.com.br\\\/es\\\/#\\\/schema\\\/logo\\\/image\\\/\"}}]}<\/script>\n<!-- \/ Yoast SEO plugin. -->","yoast_head_json":{"title":"Convi\u00e9rtete en Nuestro Proveedor - Orved Brock","description":"Convi\u00e9rtete en proveedor de nuestros termocirculadores profesionales y desmenuzadores de pollo y carne con tecnolog\u00eda patentada. Ofrece alta calidad a tus clientes.","robots":{"index":"index","follow":"follow","max-snippet":"max-snippet:-1","max-image-preview":"max-image-preview:large","max-video-preview":"max-video-preview:-1"},"canonical":"https:\/\/orvedbrock.com.br\/es\/conviertete-en-nuestro-proveedor\/","og_locale":"pt_BR","og_type":"article","og_title":"Convi\u00e9rtete en Nuestro Proveedor - Orved Brock","og_description":"Convi\u00e9rtete en proveedor de nuestros termocirculadores profesionales y desmenuzadores de pollo y carne con tecnolog\u00eda patentada. Ofrece alta calidad a tus clientes.","og_url":"https:\/\/orvedbrock.com.br\/es\/conviertete-en-nuestro-proveedor\/","og_site_name":"Orved Brock","article_modified_time":"2025-10-02T17:28:17+00:00","og_image":[{"width":340,"height":270,"url":"https:\/\/orvedbrock.com.br\/es\/wp-content\/uploads\/2023\/12\/Trabalhe-Conosco.jpeg","type":"image\/jpeg"}],"twitter_card":"summary_large_image","twitter_misc":{"Est. tempo de leitura":"1 minuto"},"schema":{"@context":"https:\/\/schema.org","@graph":[{"@type":"WebPage","@id":"https:\/\/orvedbrock.com.br\/es\/conviertete-en-nuestro-proveedor\/","url":"https:\/\/orvedbrock.com.br\/es\/conviertete-en-nuestro-proveedor\/","name":"Convi\u00e9rtete en Nuestro Proveedor - Orved Brock","isPartOf":{"@id":"https:\/\/orvedbrock.com.br\/es\/#website"},"primaryImageOfPage":{"@id":"https:\/\/orvedbrock.com.br\/es\/conviertete-en-nuestro-proveedor\/#primaryimage"},"image":{"@id":"https:\/\/orvedbrock.com.br\/es\/conviertete-en-nuestro-proveedor\/#primaryimage"},"thumbnailUrl":"https:\/\/orvedbrock.com.br\/es\/wp-content\/uploads\/2023\/12\/Trabalhe-Conosco.jpeg","datePublished":"2023-11-16T13:12:55+00:00","dateModified":"2025-10-02T17:28:17+00:00","description":"Convi\u00e9rtete en proveedor de nuestros termocirculadores profesionales y desmenuzadores de pollo y carne con tecnolog\u00eda patentada. Ofrece alta calidad a tus clientes.","inLanguage":"pt-BR","potentialAction":[{"@type":"ReadAction","target":["https:\/\/orvedbrock.com.br\/es\/conviertete-en-nuestro-proveedor\/"]}]},{"@type":"ImageObject","inLanguage":"pt-BR","@id":"https:\/\/orvedbrock.com.br\/es\/conviertete-en-nuestro-proveedor\/#primaryimage","url":"https:\/\/orvedbrock.com.br\/es\/wp-content\/uploads\/2023\/12\/Trabalhe-Conosco.jpeg","contentUrl":"https:\/\/orvedbrock.com.br\/es\/wp-content\/uploads\/2023\/12\/Trabalhe-Conosco.jpeg","width":340,"height":270,"caption":"Trabalhe Conosco"},{"@type":"WebSite","@id":"https:\/\/orvedbrock.com.br\/es\/#website","url":"https:\/\/orvedbrock.com.br\/es\/","name":"Orved Brock","description":"Desmechadoras de Pollo y Carne | Termocirculadores Profesionales Sous Vide","publisher":{"@id":"https:\/\/orvedbrock.com.br\/es\/#organization"},"potentialAction":[{"@type":"SearchAction","target":{"@type":"EntryPoint","urlTemplate":"https:\/\/orvedbrock.com.br\/es\/?s={search_term_string}"},"query-input":{"@type":"PropertyValueSpecification","valueRequired":true,"valueName":"search_term_string"}}],"inLanguage":"pt-BR"},{"@type":"Organization","@id":"https:\/\/orvedbrock.com.br\/es\/#organization","name":"Orved Brock","url":"https:\/\/orvedbrock.com.br\/es\/","logo":{"@type":"ImageObject","inLanguage":"pt-BR","@id":"https:\/\/orvedbrock.com.br\/es\/#\/schema\/logo\/image\/","url":"https:\/\/orvedbrock.com.br\/es\/wp-content\/uploads\/2024\/05\/cropped-Logo-Favicon.png","contentUrl":"https:\/\/orvedbrock.com.br\/es\/wp-content\/uploads\/2024\/05\/cropped-Logo-Favicon.png","width":512,"height":512,"caption":"Orved Brock"},"image":{"@id":"https:\/\/orvedbrock.com.br\/es\/#\/schema\/logo\/image\/"}}]}},"_links":{"self":[{"href":"https:\/\/orvedbrock.com.br\/es\/wp-json\/wp\/v2\/pages\/1007","targetHints":{"allow":["GET"]}}],"collection":[{"href":"https:\/\/orvedbrock.com.br\/es\/wp-json\/wp\/v2\/pages"}],"about":[{"href":"https:\/\/orvedbrock.com.br\/es\/wp-json\/wp\/v2\/types\/page"}],"author":[{"embeddable":true,"href":"https:\/\/orvedbrock.com.br\/es\/wp-json\/wp\/v2\/users\/1"}],"replies":[{"embeddable":true,"href":"https:\/\/orvedbrock.com.br\/es\/wp-json\/wp\/v2\/comments?post=1007"}],"version-history":[{"count":9,"href":"https:\/\/orvedbrock.com.br\/es\/wp-json\/wp\/v2\/pages\/1007\/revisions"}],"predecessor-version":[{"id":5253,"href":"https:\/\/orvedbrock.com.br\/es\/wp-json\/wp\/v2\/pages\/1007\/revisions\/5253"}],"wp:featuredmedia":[{"embeddable":true,"href":"https:\/\/orvedbrock.com.br\/es\/wp-json\/wp\/v2\/media\/4171"}],"wp:attachment":[{"href":"https:\/\/orvedbrock.com.br\/es\/wp-json\/wp\/v2\/media?parent=1007"}],"curies":[{"name":"wp","href":"https:\/\/api.w.org\/{rel}","templated":true}]}}