{"id":1076,"date":"2023-11-16T14:21:04","date_gmt":"2023-11-16T17:21:04","guid":{"rendered":"https:\/\/orvedbrock.com.br\/es\/vendas-copy\/"},"modified":"2024-07-31T17:20:03","modified_gmt":"2024-07-31T20:20:03","slug":"contacto-orved-brock","status":"publish","type":"page","link":"https:\/\/orvedbrock.com.br\/es\/contacto-orved-brock\/","title":{"rendered":"Contacto Orved Brock"},"content":{"rendered":"\n<p>P\u00f3ngase en contacto con Orved Brock y le ayudaremos.<\/p>\n","protected":false},"excerpt":{"rendered":"<p>P\u00f3ngase en contacto con Orved Brock y le ayudaremos.<\/p>\n","protected":false},"author":1,"featured_media":4163,"parent":0,"menu_order":0,"comment_status":"closed","ping_status":"closed","template":"","meta":{"_acf_changed":false,"footnotes":""},"class_list":["post-1076","page","type-page","status-publish","has-post-thumbnail","hentry"],"acf":[],"yoast_head":"<!-- This site is optimized with the Yoast SEO plugin v27.5 - https:\/\/yoast.com\/product\/yoast-seo-wordpress\/ -->\n<title>Cont\u00e1ctenos - Orved Brock<\/title>\n<meta name=\"description\" content=\"P\u00f3ngase en contacto con nosotros y le ayudaremos con nuestra L\u00ednea Sous Vide Profesional y nuestras Trituradoras de Pollo y Carne de la L\u00ednea DFC.\" \/>\n<meta name=\"robots\" content=\"index, follow, max-snippet:-1, max-image-preview:large, max-video-preview:-1\" \/>\n<link rel=\"canonical\" href=\"https:\/\/orvedbrock.com.br\/es\/contacto-orved-brock\/\" \/>\n<meta property=\"og:locale\" content=\"pt_BR\" \/>\n<meta property=\"og:type\" content=\"article\" \/>\n<meta property=\"og:title\" content=\"Cont\u00e1ctenos - Orved Brock\" \/>\n<meta property=\"og:description\" content=\"P\u00f3ngase en contacto con nosotros y le ayudaremos con nuestra L\u00ednea Sous Vide Profesional y nuestras Trituradoras de Pollo y Carne de la L\u00ednea DFC.\" \/>\n<meta property=\"og:url\" content=\"https:\/\/orvedbrock.com.br\/es\/contacto-orved-brock\/\" \/>\n<meta property=\"og:site_name\" content=\"Orved Brock\" \/>\n<meta property=\"article:modified_time\" content=\"2024-07-31T20:20:03+00:00\" \/>\n<meta property=\"og:image\" content=\"https:\/\/orvedbrock.com.br\/es\/wp-content\/uploads\/2023\/12\/HOMEM-FAZENDO-CONTATO-COM-A-ORVED-BROCK.jpeg\" \/>\n\t<meta property=\"og:image:width\" content=\"340\" \/>\n\t<meta property=\"og:image:height\" content=\"270\" \/>\n\t<meta property=\"og:image:type\" content=\"image\/jpeg\" \/>\n<meta name=\"twitter:card\" content=\"summary_large_image\" \/>\n<meta name=\"twitter:label1\" content=\"Est. tempo de leitura\" \/>\n\t<meta name=\"twitter:data1\" content=\"1 minuto\" \/>\n<script type=\"application\/ld+json\" class=\"yoast-schema-graph\">{\"@context\":\"https:\\\/\\\/schema.org\",\"@graph\":[{\"@type\":[\"WebPage\",\"ContactPage\"],\"@id\":\"https:\\\/\\\/orvedbrock.com.br\\\/es\\\/contacto-orved-brock\\\/\",\"url\":\"https:\\\/\\\/orvedbrock.com.br\\\/es\\\/contacto-orved-brock\\\/\",\"name\":\"Cont\u00e1ctenos - Orved Brock\",\"isPartOf\":{\"@id\":\"https:\\\/\\\/orvedbrock.com.br\\\/es\\\/#website\"},\"primaryImageOfPage\":{\"@id\":\"https:\\\/\\\/orvedbrock.com.br\\\/es\\\/contacto-orved-brock\\\/#primaryimage\"},\"image\":{\"@id\":\"https:\\\/\\\/orvedbrock.com.br\\\/es\\\/contacto-orved-brock\\\/#primaryimage\"},\"thumbnailUrl\":\"https:\\\/\\\/orvedbrock.com.br\\\/es\\\/wp-content\\\/uploads\\\/2023\\\/12\\\/HOMEM-FAZENDO-CONTATO-COM-A-ORVED-BROCK.jpeg\",\"datePublished\":\"2023-11-16T17:21:04+00:00\",\"dateModified\":\"2024-07-31T20:20:03+00:00\",\"description\":\"P\u00f3ngase en contacto con nosotros y le ayudaremos con nuestra L\u00ednea Sous Vide Profesional y nuestras Trituradoras de Pollo y Carne de la L\u00ednea DFC.\",\"inLanguage\":\"pt-BR\",\"potentialAction\":[{\"@type\":\"ReadAction\",\"target\":[\"https:\\\/\\\/orvedbrock.com.br\\\/es\\\/contacto-orved-brock\\\/\"]}]},{\"@type\":\"ImageObject\",\"inLanguage\":\"pt-BR\",\"@id\":\"https:\\\/\\\/orvedbrock.com.br\\\/es\\\/contacto-orved-brock\\\/#primaryimage\",\"url\":\"https:\\\/\\\/orvedbrock.com.br\\\/es\\\/wp-content\\\/uploads\\\/2023\\\/12\\\/HOMEM-FAZENDO-CONTATO-COM-A-ORVED-BROCK.jpeg\",\"contentUrl\":\"https:\\\/\\\/orvedbrock.com.br\\\/es\\\/wp-content\\\/uploads\\\/2023\\\/12\\\/HOMEM-FAZENDO-CONTATO-COM-A-ORVED-BROCK.jpeg\",\"width\":340,\"height\":270,\"caption\":\"Homem entrando em contato com a OrvedBrock, a melhor empresa do mercado de selagem a v\u00e1cuo.\"},{\"@type\":\"WebSite\",\"@id\":\"https:\\\/\\\/orvedbrock.com.br\\\/es\\\/#website\",\"url\":\"https:\\\/\\\/orvedbrock.com.br\\\/es\\\/\",\"name\":\"Orved Brock\",\"description\":\"Desmechadoras de Pollo y Carne | Termocirculadores Profesionales Sous Vide\",\"publisher\":{\"@id\":\"https:\\\/\\\/orvedbrock.com.br\\\/es\\\/#organization\"},\"potentialAction\":[{\"@type\":\"SearchAction\",\"target\":{\"@type\":\"EntryPoint\",\"urlTemplate\":\"https:\\\/\\\/orvedbrock.com.br\\\/es\\\/?s={search_term_string}\"},\"query-input\":{\"@type\":\"PropertyValueSpecification\",\"valueRequired\":true,\"valueName\":\"search_term_string\"}}],\"inLanguage\":\"pt-BR\"},{\"@type\":\"Organization\",\"@id\":\"https:\\\/\\\/orvedbrock.com.br\\\/es\\\/#organization\",\"name\":\"Orved Brock\",\"url\":\"https:\\\/\\\/orvedbrock.com.br\\\/es\\\/\",\"logo\":{\"@type\":\"ImageObject\",\"inLanguage\":\"pt-BR\",\"@id\":\"https:\\\/\\\/orvedbrock.com.br\\\/es\\\/#\\\/schema\\\/logo\\\/image\\\/\",\"url\":\"https:\\\/\\\/orvedbrock.com.br\\\/es\\\/wp-content\\\/uploads\\\/2024\\\/05\\\/cropped-Logo-Favicon.png\",\"contentUrl\":\"https:\\\/\\\/orvedbrock.com.br\\\/es\\\/wp-content\\\/uploads\\\/2024\\\/05\\\/cropped-Logo-Favicon.png\",\"width\":512,\"height\":512,\"caption\":\"Orved Brock\"},\"image\":{\"@id\":\"https:\\\/\\\/orvedbrock.com.br\\\/es\\\/#\\\/schema\\\/logo\\\/image\\\/\"}}]}<\/script>\n<!-- \/ Yoast SEO plugin. -->","yoast_head_json":{"title":"Cont\u00e1ctenos - Orved Brock","description":"P\u00f3ngase en contacto con nosotros y le ayudaremos con nuestra L\u00ednea Sous Vide Profesional y nuestras Trituradoras de Pollo y Carne de la L\u00ednea DFC.","robots":{"index":"index","follow":"follow","max-snippet":"max-snippet:-1","max-image-preview":"max-image-preview:large","max-video-preview":"max-video-preview:-1"},"canonical":"https:\/\/orvedbrock.com.br\/es\/contacto-orved-brock\/","og_locale":"pt_BR","og_type":"article","og_title":"Cont\u00e1ctenos - Orved Brock","og_description":"P\u00f3ngase en contacto con nosotros y le ayudaremos con nuestra L\u00ednea Sous Vide Profesional y nuestras Trituradoras de Pollo y Carne de la L\u00ednea DFC.","og_url":"https:\/\/orvedbrock.com.br\/es\/contacto-orved-brock\/","og_site_name":"Orved Brock","article_modified_time":"2024-07-31T20:20:03+00:00","og_image":[{"width":340,"height":270,"url":"https:\/\/orvedbrock.com.br\/es\/wp-content\/uploads\/2023\/12\/HOMEM-FAZENDO-CONTATO-COM-A-ORVED-BROCK.jpeg","type":"image\/jpeg"}],"twitter_card":"summary_large_image","twitter_misc":{"Est. tempo de leitura":"1 minuto"},"schema":{"@context":"https:\/\/schema.org","@graph":[{"@type":["WebPage","ContactPage"],"@id":"https:\/\/orvedbrock.com.br\/es\/contacto-orved-brock\/","url":"https:\/\/orvedbrock.com.br\/es\/contacto-orved-brock\/","name":"Cont\u00e1ctenos - Orved Brock","isPartOf":{"@id":"https:\/\/orvedbrock.com.br\/es\/#website"},"primaryImageOfPage":{"@id":"https:\/\/orvedbrock.com.br\/es\/contacto-orved-brock\/#primaryimage"},"image":{"@id":"https:\/\/orvedbrock.com.br\/es\/contacto-orved-brock\/#primaryimage"},"thumbnailUrl":"https:\/\/orvedbrock.com.br\/es\/wp-content\/uploads\/2023\/12\/HOMEM-FAZENDO-CONTATO-COM-A-ORVED-BROCK.jpeg","datePublished":"2023-11-16T17:21:04+00:00","dateModified":"2024-07-31T20:20:03+00:00","description":"P\u00f3ngase en contacto con nosotros y le ayudaremos con nuestra L\u00ednea Sous Vide Profesional y nuestras Trituradoras de Pollo y Carne de la L\u00ednea DFC.","inLanguage":"pt-BR","potentialAction":[{"@type":"ReadAction","target":["https:\/\/orvedbrock.com.br\/es\/contacto-orved-brock\/"]}]},{"@type":"ImageObject","inLanguage":"pt-BR","@id":"https:\/\/orvedbrock.com.br\/es\/contacto-orved-brock\/#primaryimage","url":"https:\/\/orvedbrock.com.br\/es\/wp-content\/uploads\/2023\/12\/HOMEM-FAZENDO-CONTATO-COM-A-ORVED-BROCK.jpeg","contentUrl":"https:\/\/orvedbrock.com.br\/es\/wp-content\/uploads\/2023\/12\/HOMEM-FAZENDO-CONTATO-COM-A-ORVED-BROCK.jpeg","width":340,"height":270,"caption":"Homem entrando em contato com a OrvedBrock, a melhor empresa do mercado de selagem a v\u00e1cuo."},{"@type":"WebSite","@id":"https:\/\/orvedbrock.com.br\/es\/#website","url":"https:\/\/orvedbrock.com.br\/es\/","name":"Orved Brock","description":"Desmechadoras de Pollo y Carne | Termocirculadores Profesionales Sous Vide","publisher":{"@id":"https:\/\/orvedbrock.com.br\/es\/#organization"},"potentialAction":[{"@type":"SearchAction","target":{"@type":"EntryPoint","urlTemplate":"https:\/\/orvedbrock.com.br\/es\/?s={search_term_string}"},"query-input":{"@type":"PropertyValueSpecification","valueRequired":true,"valueName":"search_term_string"}}],"inLanguage":"pt-BR"},{"@type":"Organization","@id":"https:\/\/orvedbrock.com.br\/es\/#organization","name":"Orved Brock","url":"https:\/\/orvedbrock.com.br\/es\/","logo":{"@type":"ImageObject","inLanguage":"pt-BR","@id":"https:\/\/orvedbrock.com.br\/es\/#\/schema\/logo\/image\/","url":"https:\/\/orvedbrock.com.br\/es\/wp-content\/uploads\/2024\/05\/cropped-Logo-Favicon.png","contentUrl":"https:\/\/orvedbrock.com.br\/es\/wp-content\/uploads\/2024\/05\/cropped-Logo-Favicon.png","width":512,"height":512,"caption":"Orved Brock"},"image":{"@id":"https:\/\/orvedbrock.com.br\/es\/#\/schema\/logo\/image\/"}}]}},"_links":{"self":[{"href":"https:\/\/orvedbrock.com.br\/es\/wp-json\/wp\/v2\/pages\/1076","targetHints":{"allow":["GET"]}}],"collection":[{"href":"https:\/\/orvedbrock.com.br\/es\/wp-json\/wp\/v2\/pages"}],"about":[{"href":"https:\/\/orvedbrock.com.br\/es\/wp-json\/wp\/v2\/types\/page"}],"author":[{"embeddable":true,"href":"https:\/\/orvedbrock.com.br\/es\/wp-json\/wp\/v2\/users\/1"}],"replies":[{"embeddable":true,"href":"https:\/\/orvedbrock.com.br\/es\/wp-json\/wp\/v2\/comments?post=1076"}],"version-history":[{"count":6,"href":"https:\/\/orvedbrock.com.br\/es\/wp-json\/wp\/v2\/pages\/1076\/revisions"}],"predecessor-version":[{"id":4925,"href":"https:\/\/orvedbrock.com.br\/es\/wp-json\/wp\/v2\/pages\/1076\/revisions\/4925"}],"wp:featuredmedia":[{"embeddable":true,"href":"https:\/\/orvedbrock.com.br\/es\/wp-json\/wp\/v2\/media\/4163"}],"wp:attachment":[{"href":"https:\/\/orvedbrock.com.br\/es\/wp-json\/wp\/v2\/media?parent=1076"}],"curies":[{"name":"wp","href":"https:\/\/api.w.org\/{rel}","templated":true}]}}