{"id":114,"date":"2023-12-11T15:12:38","date_gmt":"2023-12-11T18:12:38","guid":{"rendered":"https:\/\/orvedbrock.com.br\/es\/?page_id=114"},"modified":"2024-07-31T17:21:04","modified_gmt":"2024-07-31T20:21:04","slug":"sobre-nosotros","status":"publish","type":"page","link":"https:\/\/orvedbrock.com.br\/es\/sobre-nosotros\/","title":{"rendered":"Sobre nosotros"},"content":{"rendered":"\n<p>Somos Orved Brock, fabricamos m\u00e1quinas con tecnolog\u00edas patentadas para garantizar la m\u00e1xima eficiencia.<\/p>\n","protected":false},"excerpt":{"rendered":"<p>Somos Orved Brock, fabricamos m\u00e1quinas con tecnolog\u00edas patentadas para garantizar la m\u00e1xima eficiencia.<\/p>\n","protected":false},"author":1,"featured_media":4276,"parent":0,"menu_order":0,"comment_status":"closed","ping_status":"closed","template":"","meta":{"_acf_changed":false,"footnotes":""},"class_list":["post-114","page","type-page","status-publish","has-post-thumbnail","hentry"],"acf":[],"yoast_head":"<!-- This site is optimized with the Yoast SEO plugin v27.5 - https:\/\/yoast.com\/product\/yoast-seo-wordpress\/ -->\n<title>Sobre nosotros - Orved Brock<\/title>\n<meta name=\"description\" content=\"Descubre m\u00e1s sobre Orved Brock. Desde 1997 en Brasil, hemos fabricado tres l\u00edneas de equipos: L\u00ednea VM, L\u00ednea TC y L\u00ednea DFC.\" \/>\n<meta name=\"robots\" content=\"index, follow, max-snippet:-1, max-image-preview:large, max-video-preview:-1\" \/>\n<link rel=\"canonical\" href=\"https:\/\/orvedbrock.com.br\/es\/sobre-nosotros\/\" \/>\n<meta property=\"og:locale\" content=\"pt_BR\" \/>\n<meta property=\"og:type\" content=\"article\" \/>\n<meta property=\"og:title\" content=\"Sobre nosotros - Orved Brock\" \/>\n<meta property=\"og:description\" content=\"Descubre m\u00e1s sobre Orved Brock. Desde 1997 en Brasil, hemos fabricado tres l\u00edneas de equipos: L\u00ednea VM, L\u00ednea TC y L\u00ednea DFC.\" \/>\n<meta property=\"og:url\" content=\"https:\/\/orvedbrock.com.br\/es\/sobre-nosotros\/\" \/>\n<meta property=\"og:site_name\" content=\"Orved Brock\" \/>\n<meta property=\"article:modified_time\" content=\"2024-07-31T20:21:04+00:00\" \/>\n<meta property=\"og:image\" content=\"https:\/\/orvedbrock.com.br\/es\/wp-content\/uploads\/2024\/03\/Foto-5-1024x647.png\" \/>\n\t<meta property=\"og:image:width\" content=\"1024\" \/>\n\t<meta property=\"og:image:height\" content=\"647\" \/>\n\t<meta property=\"og:image:type\" content=\"image\/png\" \/>\n<meta name=\"twitter:card\" content=\"summary_large_image\" \/>\n<meta name=\"twitter:label1\" content=\"Est. tempo de leitura\" \/>\n\t<meta name=\"twitter:data1\" content=\"1 minuto\" \/>\n<script type=\"application\/ld+json\" class=\"yoast-schema-graph\">{\"@context\":\"https:\\\/\\\/schema.org\",\"@graph\":[{\"@type\":\"WebPage\",\"@id\":\"https:\\\/\\\/orvedbrock.com.br\\\/es\\\/sobre-nosotros\\\/\",\"url\":\"https:\\\/\\\/orvedbrock.com.br\\\/es\\\/sobre-nosotros\\\/\",\"name\":\"Sobre nosotros - Orved Brock\",\"isPartOf\":{\"@id\":\"https:\\\/\\\/orvedbrock.com.br\\\/es\\\/#website\"},\"primaryImageOfPage\":{\"@id\":\"https:\\\/\\\/orvedbrock.com.br\\\/es\\\/sobre-nosotros\\\/#primaryimage\"},\"image\":{\"@id\":\"https:\\\/\\\/orvedbrock.com.br\\\/es\\\/sobre-nosotros\\\/#primaryimage\"},\"thumbnailUrl\":\"https:\\\/\\\/orvedbrock.com.br\\\/es\\\/wp-content\\\/uploads\\\/2024\\\/03\\\/Foto-5-e1709579626303.png\",\"datePublished\":\"2023-12-11T18:12:38+00:00\",\"dateModified\":\"2024-07-31T20:21:04+00:00\",\"description\":\"Descubre m\u00e1s sobre Orved Brock. Desde 1997 en Brasil, hemos fabricado tres l\u00edneas de equipos: L\u00ednea VM, L\u00ednea TC y L\u00ednea DFC.\",\"inLanguage\":\"pt-BR\",\"potentialAction\":[{\"@type\":\"ReadAction\",\"target\":[\"https:\\\/\\\/orvedbrock.com.br\\\/es\\\/sobre-nosotros\\\/\"]}]},{\"@type\":\"ImageObject\",\"inLanguage\":\"pt-BR\",\"@id\":\"https:\\\/\\\/orvedbrock.com.br\\\/es\\\/sobre-nosotros\\\/#primaryimage\",\"url\":\"https:\\\/\\\/orvedbrock.com.br\\\/es\\\/wp-content\\\/uploads\\\/2024\\\/03\\\/Foto-5-e1709579626303.png\",\"contentUrl\":\"https:\\\/\\\/orvedbrock.com.br\\\/es\\\/wp-content\\\/uploads\\\/2024\\\/03\\\/Foto-5-e1709579626303.png\",\"width\":593,\"height\":375,\"caption\":\"Orved Brock\"},{\"@type\":\"WebSite\",\"@id\":\"https:\\\/\\\/orvedbrock.com.br\\\/es\\\/#website\",\"url\":\"https:\\\/\\\/orvedbrock.com.br\\\/es\\\/\",\"name\":\"Orved Brock\",\"description\":\"Desmechadoras de Pollo y Carne | Termocirculadores Profesionales Sous Vide\",\"publisher\":{\"@id\":\"https:\\\/\\\/orvedbrock.com.br\\\/es\\\/#organization\"},\"potentialAction\":[{\"@type\":\"SearchAction\",\"target\":{\"@type\":\"EntryPoint\",\"urlTemplate\":\"https:\\\/\\\/orvedbrock.com.br\\\/es\\\/?s={search_term_string}\"},\"query-input\":{\"@type\":\"PropertyValueSpecification\",\"valueRequired\":true,\"valueName\":\"search_term_string\"}}],\"inLanguage\":\"pt-BR\"},{\"@type\":\"Organization\",\"@id\":\"https:\\\/\\\/orvedbrock.com.br\\\/es\\\/#organization\",\"name\":\"Orved Brock\",\"url\":\"https:\\\/\\\/orvedbrock.com.br\\\/es\\\/\",\"logo\":{\"@type\":\"ImageObject\",\"inLanguage\":\"pt-BR\",\"@id\":\"https:\\\/\\\/orvedbrock.com.br\\\/es\\\/#\\\/schema\\\/logo\\\/image\\\/\",\"url\":\"https:\\\/\\\/orvedbrock.com.br\\\/es\\\/wp-content\\\/uploads\\\/2024\\\/05\\\/cropped-Logo-Favicon.png\",\"contentUrl\":\"https:\\\/\\\/orvedbrock.com.br\\\/es\\\/wp-content\\\/uploads\\\/2024\\\/05\\\/cropped-Logo-Favicon.png\",\"width\":512,\"height\":512,\"caption\":\"Orved Brock\"},\"image\":{\"@id\":\"https:\\\/\\\/orvedbrock.com.br\\\/es\\\/#\\\/schema\\\/logo\\\/image\\\/\"}}]}<\/script>\n<!-- \/ Yoast SEO plugin. -->","yoast_head_json":{"title":"Sobre nosotros - Orved Brock","description":"Descubre m\u00e1s sobre Orved Brock. Desde 1997 en Brasil, hemos fabricado tres l\u00edneas de equipos: L\u00ednea VM, L\u00ednea TC y L\u00ednea DFC.","robots":{"index":"index","follow":"follow","max-snippet":"max-snippet:-1","max-image-preview":"max-image-preview:large","max-video-preview":"max-video-preview:-1"},"canonical":"https:\/\/orvedbrock.com.br\/es\/sobre-nosotros\/","og_locale":"pt_BR","og_type":"article","og_title":"Sobre nosotros - Orved Brock","og_description":"Descubre m\u00e1s sobre Orved Brock. Desde 1997 en Brasil, hemos fabricado tres l\u00edneas de equipos: L\u00ednea VM, L\u00ednea TC y L\u00ednea DFC.","og_url":"https:\/\/orvedbrock.com.br\/es\/sobre-nosotros\/","og_site_name":"Orved Brock","article_modified_time":"2024-07-31T20:21:04+00:00","og_image":[{"width":1024,"height":647,"url":"https:\/\/orvedbrock.com.br\/es\/wp-content\/uploads\/2024\/03\/Foto-5-1024x647.png","type":"image\/png"}],"twitter_card":"summary_large_image","twitter_misc":{"Est. tempo de leitura":"1 minuto"},"schema":{"@context":"https:\/\/schema.org","@graph":[{"@type":"WebPage","@id":"https:\/\/orvedbrock.com.br\/es\/sobre-nosotros\/","url":"https:\/\/orvedbrock.com.br\/es\/sobre-nosotros\/","name":"Sobre nosotros - Orved Brock","isPartOf":{"@id":"https:\/\/orvedbrock.com.br\/es\/#website"},"primaryImageOfPage":{"@id":"https:\/\/orvedbrock.com.br\/es\/sobre-nosotros\/#primaryimage"},"image":{"@id":"https:\/\/orvedbrock.com.br\/es\/sobre-nosotros\/#primaryimage"},"thumbnailUrl":"https:\/\/orvedbrock.com.br\/es\/wp-content\/uploads\/2024\/03\/Foto-5-e1709579626303.png","datePublished":"2023-12-11T18:12:38+00:00","dateModified":"2024-07-31T20:21:04+00:00","description":"Descubre m\u00e1s sobre Orved Brock. Desde 1997 en Brasil, hemos fabricado tres l\u00edneas de equipos: L\u00ednea VM, L\u00ednea TC y L\u00ednea DFC.","inLanguage":"pt-BR","potentialAction":[{"@type":"ReadAction","target":["https:\/\/orvedbrock.com.br\/es\/sobre-nosotros\/"]}]},{"@type":"ImageObject","inLanguage":"pt-BR","@id":"https:\/\/orvedbrock.com.br\/es\/sobre-nosotros\/#primaryimage","url":"https:\/\/orvedbrock.com.br\/es\/wp-content\/uploads\/2024\/03\/Foto-5-e1709579626303.png","contentUrl":"https:\/\/orvedbrock.com.br\/es\/wp-content\/uploads\/2024\/03\/Foto-5-e1709579626303.png","width":593,"height":375,"caption":"Orved Brock"},{"@type":"WebSite","@id":"https:\/\/orvedbrock.com.br\/es\/#website","url":"https:\/\/orvedbrock.com.br\/es\/","name":"Orved Brock","description":"Desmechadoras de Pollo y Carne | Termocirculadores Profesionales Sous Vide","publisher":{"@id":"https:\/\/orvedbrock.com.br\/es\/#organization"},"potentialAction":[{"@type":"SearchAction","target":{"@type":"EntryPoint","urlTemplate":"https:\/\/orvedbrock.com.br\/es\/?s={search_term_string}"},"query-input":{"@type":"PropertyValueSpecification","valueRequired":true,"valueName":"search_term_string"}}],"inLanguage":"pt-BR"},{"@type":"Organization","@id":"https:\/\/orvedbrock.com.br\/es\/#organization","name":"Orved Brock","url":"https:\/\/orvedbrock.com.br\/es\/","logo":{"@type":"ImageObject","inLanguage":"pt-BR","@id":"https:\/\/orvedbrock.com.br\/es\/#\/schema\/logo\/image\/","url":"https:\/\/orvedbrock.com.br\/es\/wp-content\/uploads\/2024\/05\/cropped-Logo-Favicon.png","contentUrl":"https:\/\/orvedbrock.com.br\/es\/wp-content\/uploads\/2024\/05\/cropped-Logo-Favicon.png","width":512,"height":512,"caption":"Orved Brock"},"image":{"@id":"https:\/\/orvedbrock.com.br\/es\/#\/schema\/logo\/image\/"}}]}},"_links":{"self":[{"href":"https:\/\/orvedbrock.com.br\/es\/wp-json\/wp\/v2\/pages\/114","targetHints":{"allow":["GET"]}}],"collection":[{"href":"https:\/\/orvedbrock.com.br\/es\/wp-json\/wp\/v2\/pages"}],"about":[{"href":"https:\/\/orvedbrock.com.br\/es\/wp-json\/wp\/v2\/types\/page"}],"author":[{"embeddable":true,"href":"https:\/\/orvedbrock.com.br\/es\/wp-json\/wp\/v2\/users\/1"}],"replies":[{"embeddable":true,"href":"https:\/\/orvedbrock.com.br\/es\/wp-json\/wp\/v2\/comments?post=114"}],"version-history":[{"count":4,"href":"https:\/\/orvedbrock.com.br\/es\/wp-json\/wp\/v2\/pages\/114\/revisions"}],"predecessor-version":[{"id":4908,"href":"https:\/\/orvedbrock.com.br\/es\/wp-json\/wp\/v2\/pages\/114\/revisions\/4908"}],"wp:featuredmedia":[{"embeddable":true,"href":"https:\/\/orvedbrock.com.br\/es\/wp-json\/wp\/v2\/media\/4276"}],"wp:attachment":[{"href":"https:\/\/orvedbrock.com.br\/es\/wp-json\/wp\/v2\/media?parent=114"}],"curies":[{"name":"wp","href":"https:\/\/api.w.org\/{rel}","templated":true}]}}